{"id":15569,"date":"2022-07-04T08:45:34","date_gmt":"2022-07-04T08:45:34","guid":{"rendered":"https:\/\/eduma.thimpress.com\/?page_id=15569"},"modified":"2025-11-04T10:57:18","modified_gmt":"2025-11-04T13:57:18","slug":"anderson-de-lima","status":"publish","type":"page","link":"https:\/\/www.musicista.com.br\/anderson-de-lima\/","title":{"rendered":"Anderson de Lima"},"content":{"rendered":"\t\t<div data-elementor-type=\"wp-page\" data-elementor-id=\"15569\" class=\"elementor elementor-15569\">\n\t\t\t\t\t\t<section class=\"elementor-section elementor-top-section elementor-element elementor-element-51f8d9e elementor-section-full_width elementor-section-height-min-height elementor-section-stretched elementor-section-height-default elementor-section-items-middle\" data-id=\"51f8d9e\" data-element_type=\"section\" data-e-type=\"section\" data-settings=\"{&quot;stretch_section&quot;:&quot;section-stretched&quot;,&quot;background_background&quot;:&quot;classic&quot;}\">\n\t\t\t\t\t\t\t<div class=\"elementor-background-overlay\"><\/div>\n\t\t\t\t\t\t\t<div class=\"elementor-container elementor-column-gap-custom\">\n\t\t\t\t\t<div class=\"elementor-column elementor-col-50 elementor-top-column elementor-element elementor-element-736e407\" data-id=\"736e407\" data-element_type=\"column\" data-e-type=\"column\" data-settings=\"{&quot;background_background&quot;:&quot;classic&quot;}\">\n\t\t\t<div class=\"elementor-widget-wrap\">\n\t\t\t\t\t\t\t<\/div>\n\t\t<\/div>\n\t\t\t\t<div class=\"elementor-column elementor-col-50 elementor-top-column elementor-element elementor-element-7e4618c\" data-id=\"7e4618c\" data-element_type=\"column\" data-e-type=\"column\" data-settings=\"{&quot;background_background&quot;:&quot;classic&quot;}\">\n\t\t\t<div class=\"elementor-widget-wrap elementor-element-populated\">\n\t\t\t\t\t\t<div class=\"elementor-element elementor-element-3cb13ea elementor-widget-tablet__width-initial elementor-widget elementor-widget-spacer\" data-id=\"3cb13ea\" data-element_type=\"widget\" data-e-type=\"widget\" data-widget_type=\"spacer.default\">\n\t\t\t\t\t\t\t<div class=\"elementor-spacer\">\n\t\t\t<div class=\"elementor-spacer-inner\"><\/div>\n\t\t<\/div>\n\t\t\t\t\t\t<\/div>\n\t\t\t\t<div class=\"elementor-element elementor-element-74b82cb elementor-widget elementor-widget-heading\" data-id=\"74b82cb\" data-element_type=\"widget\" data-e-type=\"widget\" data-widget_type=\"heading.default\">\n\t\t\t\t\t<h1 class=\"elementor-heading-title elementor-size-default\">M\u00daSICO, EDUCADOR, REGENTE<\/h1>\t\t\t\t<\/div>\n\t\t\t\t<div class=\"elementor-element elementor-element-7ba439d elementor-widget-tablet__width-initial elementor-widget elementor-widget-spacer\" data-id=\"7ba439d\" data-element_type=\"widget\" data-e-type=\"widget\" data-widget_type=\"spacer.default\">\n\t\t\t\t\t\t\t<div class=\"elementor-spacer\">\n\t\t\t<div class=\"elementor-spacer-inner\"><\/div>\n\t\t<\/div>\n\t\t\t\t\t\t<\/div>\n\t\t\t\t<div class=\"elementor-element elementor-element-d776053 elementor-align-center elementor-widget elementor-widget-button\" data-id=\"d776053\" data-element_type=\"widget\" data-e-type=\"widget\" data-widget_type=\"button.default\">\n\t\t\t\t\t\t\t\t\t\t<a class=\"elementor-button elementor-button-link elementor-size-sm\" href=\"https:\/\/www.musicista.com.br\/anderson-de-lima\/wp-admin\">\n\t\t\t\t\t\t<span class=\"elementor-button-content-wrapper\">\n\t\t\t\t\t\t\t\t\t<span class=\"elementor-button-text\">LOGIN<\/span>\n\t\t\t\t\t<\/span>\n\t\t\t\t\t<\/a>\n\t\t\t\t\t\t\t\t<\/div>\n\t\t\t\t\t<\/div>\n\t\t<\/div>\n\t\t\t\t\t<\/div>\n\t\t<\/section>\n\t\t\t\t<section class=\"elementor-section elementor-top-section elementor-element elementor-element-02c412b elementor-section-boxed elementor-section-height-default elementor-section-height-default\" data-id=\"02c412b\" data-element_type=\"section\" data-e-type=\"section\">\n\t\t\t\t\t\t<div class=\"elementor-container elementor-column-gap-custom\">\n\t\t\t\t\t<div class=\"elementor-column elementor-col-100 elementor-top-column elementor-element elementor-element-1a90f60\" data-id=\"1a90f60\" data-element_type=\"column\" data-e-type=\"column\">\n\t\t\t<div class=\"elementor-widget-wrap elementor-element-populated\">\n\t\t\t\t\t\t<div class=\"elementor-element elementor-element-9845061 elementor-view-stacked elementor-shape-circle elementor-widget elementor-widget-icon\" data-id=\"9845061\" data-element_type=\"widget\" data-e-type=\"widget\" data-widget_type=\"icon.default\">\n\t\t\t\t\t\t\t<div class=\"elementor-icon-wrapper\">\n\t\t\t<a class=\"elementor-icon\" href=\"#instructor\">\n\t\t\t<i aria-hidden=\"true\" class=\"tk tk-angle-down\"><\/i>\t\t\t<\/a>\n\t\t<\/div>\n\t\t\t\t\t\t<\/div>\n\t\t\t\t\t<\/div>\n\t\t<\/div>\n\t\t\t\t\t<\/div>\n\t\t<\/section>\n\t\t<div class=\"elementor-element elementor-element-a4bf824 e-flex e-con-boxed e-con e-parent\" data-id=\"a4bf824\" data-element_type=\"container\" data-e-type=\"container\" data-settings=\"{&quot;background_background&quot;:&quot;classic&quot;}\">\n\t\t\t\t\t<div class=\"e-con-inner\">\n\t\t\t\t<div class=\"elementor-element elementor-element-bac94bb elementor-widget elementor-widget-heading\" data-id=\"bac94bb\" data-element_type=\"widget\" data-e-type=\"widget\" data-widget_type=\"heading.default\">\n\t\t\t\t\t<h2 class=\"elementor-heading-title elementor-size-default\">especialista em cordas antigas e ensino moderno de viol\u00e3o, guitarra e contrabaixo.<\/h2>\t\t\t\t<\/div>\n\t\t\t\t\t<\/div>\n\t\t\t\t<\/div>\n\t\t\t\t<section class=\"elementor-section elementor-top-section elementor-element elementor-element-caf172a thim-hello-there elementor-section-stretched elementor-reverse-mobile elementor-section-full_width elementor-section-height-default elementor-section-height-default\" data-id=\"caf172a\" data-element_type=\"section\" data-e-type=\"section\" id=\"instructor\" data-settings=\"{&quot;stretch_section&quot;:&quot;section-stretched&quot;,&quot;background_background&quot;:&quot;classic&quot;}\">\n\t\t\t\t\t\t<div class=\"elementor-container elementor-column-gap-default\">\n\t\t\t\t\t<div class=\"elementor-column elementor-col-50 elementor-top-column elementor-element elementor-element-22bfc63\" data-id=\"22bfc63\" data-element_type=\"column\" data-e-type=\"column\">\n\t\t\t<div class=\"elementor-widget-wrap elementor-element-populated\">\n\t\t\t\t\t\t<div class=\"elementor-element elementor-element-66ca051 elementor-widget elementor-widget-image\" data-id=\"66ca051\" data-element_type=\"widget\" data-e-type=\"widget\" data-widget_type=\"image.default\">\n\t\t\t\t\t\t\t\t\t\t\t\t\t\t\t<img fetchpriority=\"high\" decoding=\"async\" width=\"535\" height=\"601\" src=\"https:\/\/www.musicista.com.br\/anderson-de-lima\/wp-content\/uploads\/sites\/6\/2025\/10\/ANDERSO-DE-ANDRADE-FRONTPAGE.png\" class=\"attachment-full size-full wp-image-18653\" alt=\"\" srcset=\"https:\/\/www.musicista.com.br\/anderson-de-lima\/wp-content\/uploads\/sites\/6\/2025\/10\/ANDERSO-DE-ANDRADE-FRONTPAGE.png 535w, https:\/\/www.musicista.com.br\/anderson-de-lima\/wp-content\/uploads\/sites\/6\/2025\/10\/ANDERSO-DE-ANDRADE-FRONTPAGE-267x300.png 267w\" sizes=\"(max-width: 535px) 100vw, 535px\" \/>\t\t\t\t\t\t\t\t\t\t\t\t\t\t\t<\/div>\n\t\t\t\t\t<\/div>\n\t\t<\/div>\n\t\t\t\t<div class=\"elementor-column elementor-col-50 elementor-top-column elementor-element elementor-element-e221fb4\" data-id=\"e221fb4\" data-element_type=\"column\" data-e-type=\"column\">\n\t\t\t<div class=\"elementor-widget-wrap elementor-element-populated\">\n\t\t\t\t\t\t<div class=\"elementor-element elementor-element-ea855b4 elementor-widget elementor-widget-spacer\" data-id=\"ea855b4\" data-element_type=\"widget\" data-e-type=\"widget\" data-widget_type=\"spacer.default\">\n\t\t\t\t\t\t\t<div class=\"elementor-spacer\">\n\t\t\t<div class=\"elementor-spacer-inner\"><\/div>\n\t\t<\/div>\n\t\t\t\t\t\t<\/div>\n\t\t\t\t<div class=\"elementor-element elementor-element-48a8f7f elementor-widget elementor-widget-text-editor\" data-id=\"48a8f7f\" data-element_type=\"widget\" data-e-type=\"widget\" data-widget_type=\"text-editor.default\">\n\t\t\t\t\t\t\t\t\t<p>Formado em viol\u00e3o cl\u00e1ssico pela Universidade Cruzeiro do Sul, Anderson estudou ala\u00fade, guitarra barroca e arquiala\u00fade em Buenos Aires e Zaragoza, dedicando-se \u00e0 pesquisa das cordas antigas.<br data-start=\"2155\" data-end=\"2158\" \/>Com mais de 20 anos de doc\u00eancia, atua como professor e regente, unindo o conhecimento t\u00e9cnico \u00e0 sensibilidade art\u00edstica.<br data-start=\"2278\" data-end=\"2281\" \/>Atualmente, conduz um projeto coral no Templo Won Budismo do Brasil, onde som e espiritualidade se encontram em harmonia.<\/p>\t\t\t\t\t\t\t\t<\/div>\n\t\t\t\t\t<\/div>\n\t\t<\/div>\n\t\t\t\t\t<\/div>\n\t\t<\/section>\n\t\t<div class=\"elementor-element elementor-element-7ad2c53 e-flex e-con-boxed e-con e-parent\" data-id=\"7ad2c53\" data-element_type=\"container\" data-e-type=\"container\">\n\t\t\t\t\t<div class=\"e-con-inner\">\n\t\t<div class=\"elementor-element elementor-element-83cee48 e-con-full e-flex e-con e-child\" data-id=\"83cee48\" data-element_type=\"container\" data-e-type=\"container\">\n\t\t\t\t<div class=\"elementor-element elementor-element-8c4867d elementor-widget elementor-widget-heading\" data-id=\"8c4867d\" data-element_type=\"widget\" data-e-type=\"widget\" data-widget_type=\"heading.default\">\n\t\t\t\t\t<h2 class=\"elementor-heading-title elementor-size-default\">Viol\u00e3o<\/h2>\t\t\t\t<\/div>\n\t\t\t\t<div class=\"elementor-element elementor-element-3ca3941 elementor-widget elementor-widget-text-editor\" data-id=\"3ca3941\" data-element_type=\"widget\" data-e-type=\"widget\" data-widget_type=\"text-editor.default\">\n\t\t\t\t\t\t\t\t\t<p>O viol\u00e3o \u00e9 o s\u00edmbolo da express\u00e3o \u00edntima e po\u00e9tica. Suas seis cordas criam um universo de possibilidades harm\u00f4nicas e mel\u00f3dicas, capazes de abra\u00e7ar desde o choro brasileiro at\u00e9 a m\u00fasica cl\u00e1ssica e o pop contempor\u00e2neo. \u00c9 um instrumento que fala direto ao cora\u00e7\u00e3o, com a simplicidade e a complexidade nem sempe aparente de uma conversa sincera.<\/p>\t\t\t\t\t\t\t\t<\/div>\n\t\t\t\t<\/div>\n\t\t<div class=\"elementor-element elementor-element-55bbd35 e-con-full e-flex e-con e-child\" data-id=\"55bbd35\" data-element_type=\"container\" data-e-type=\"container\">\n\t\t\t\t<div class=\"elementor-element elementor-element-c3df0d7 elementor-widget elementor-widget-heading\" data-id=\"c3df0d7\" data-element_type=\"widget\" data-e-type=\"widget\" data-widget_type=\"heading.default\">\n\t\t\t\t\t<h2 class=\"elementor-heading-title elementor-size-default\">Guitarra<\/h2>\t\t\t\t<\/div>\n\t\t\t\t<div class=\"elementor-element elementor-element-27ceeb0 elementor-widget elementor-widget-text-editor\" data-id=\"27ceeb0\" data-element_type=\"widget\" data-e-type=\"widget\" data-widget_type=\"text-editor.default\">\n\t\t\t\t\t\t\t\t\t<p>A guitarra \u00e9 pura energia e atitude. Nascida da eletrifica\u00e7\u00e3o do som, ela transformou o cen\u00e1rio musical do s\u00e9culo XX com riffs marcantes e solos cheios de personalidade. Seja no rock, no blues ou no jazz, sua voz amplificada traduz emo\u00e7\u00e3o, rebeldia e inova\u00e7\u00e3o.<\/p>\t\t\t\t\t\t\t\t<\/div>\n\t\t\t\t<\/div>\n\t\t<div class=\"elementor-element elementor-element-29f6eff e-con-full e-flex e-con e-child\" data-id=\"29f6eff\" data-element_type=\"container\" data-e-type=\"container\">\n\t\t\t\t<div class=\"elementor-element elementor-element-1aed261 elementor-widget elementor-widget-heading\" data-id=\"1aed261\" data-element_type=\"widget\" data-e-type=\"widget\" data-widget_type=\"heading.default\">\n\t\t\t\t\t<h2 class=\"elementor-heading-title elementor-size-default\">Contrabaixo<\/h2>\t\t\t\t<\/div>\n\t\t\t\t<div class=\"elementor-element elementor-element-d31e9d6 elementor-widget elementor-widget-text-editor\" data-id=\"d31e9d6\" data-element_type=\"widget\" data-e-type=\"widget\" data-widget_type=\"text-editor.default\">\n\t\t\t\t\t\t\t\t\t<p>O contrabaixo \u00e9 a alma que sustenta a harmonia. Suas notas graves criam o ch\u00e3o sobre o qual toda a m\u00fasica se constr\u00f3i, unindo ritmo e profundidade em uma presen\u00e7a quase invis\u00edvel, mas indispens\u00e1vel. \u00c9 o elo secreto entre a percuss\u00e3o e a melodia.<\/p>\t\t\t\t\t\t\t\t<\/div>\n\t\t\t\t<\/div>\n\t\t<div class=\"elementor-element elementor-element-3399409 e-con-full e-flex e-con e-child\" data-id=\"3399409\" data-element_type=\"container\" data-e-type=\"container\">\n\t\t\t\t<div class=\"elementor-element elementor-element-fa285ab elementor-widget elementor-widget-heading\" data-id=\"fa285ab\" data-element_type=\"widget\" data-e-type=\"widget\" data-widget_type=\"heading.default\">\n\t\t\t\t\t<h2 class=\"elementor-heading-title elementor-size-default\">Cordas Antigas<\/h2>\t\t\t\t<\/div>\n\t\t\t\t<div class=\"elementor-element elementor-element-1d035e3 elementor-widget elementor-widget-text-editor\" data-id=\"1d035e3\" data-element_type=\"widget\" data-e-type=\"widget\" data-widget_type=\"text-editor.default\">\n\t\t\t\t\t\t\t\t\t<p>As cordas antigas \u2014 como o ala\u00fade, a guitarra barroca \u2014 s\u00e3o pontes sonoras entre passado e presente. Com timbres delicados e afina\u00e7\u00e3o precisa, revelam a sofistica\u00e7\u00e3o da m\u00fasica renascentista e barroca, convidando o ouvinte a redescobrir a beleza da interpreta\u00e7\u00e3o hist\u00f3rica.<\/p>\t\t\t\t\t\t\t\t<\/div>\n\t\t\t\t<\/div>\n\t\t\t\t\t<\/div>\n\t\t\t\t<\/div>\n\t\t<div class=\"elementor-element elementor-element-0fe3911 e-con-full e-flex e-con e-parent\" data-id=\"0fe3911\" data-element_type=\"container\" data-e-type=\"container\" data-settings=\"{&quot;background_background&quot;:&quot;classic&quot;}\">\n\t\t\t\t<div class=\"elementor-element elementor-element-51134af elementor-align-center elementor-widget__width-initial elementor-widget elementor-widget-button\" data-id=\"51134af\" data-element_type=\"widget\" data-e-type=\"widget\" data-widget_type=\"button.default\">\n\t\t\t\t\t\t\t\t\t\t<a class=\"elementor-button elementor-button-link elementor-size-sm\" href=\"#\">\n\t\t\t\t\t\t<span class=\"elementor-button-content-wrapper\">\n\t\t\t\t\t\t\t\t\t<span class=\"elementor-button-text\">Matricule-se<\/span>\n\t\t\t\t\t<\/span>\n\t\t\t\t\t<\/a>\n\t\t\t\t\t\t\t\t<\/div>\n\t\t\t\t<\/div>\n\t\t<div class=\"elementor-element elementor-element-3e521d0 e-flex e-con-boxed e-con e-parent\" data-id=\"3e521d0\" data-element_type=\"container\" data-e-type=\"container\">\n\t\t\t\t\t<div class=\"e-con-inner\">\n\t\t<div class=\"elementor-element elementor-element-3ec07f6 e-con-full e-flex e-con e-child\" data-id=\"3ec07f6\" data-element_type=\"container\" data-e-type=\"container\">\n\t\t\t\t<\/div>\n\t\t<div class=\"elementor-element elementor-element-9149df2 e-con-full e-flex e-con e-child\" data-id=\"9149df2\" data-element_type=\"container\" data-e-type=\"container\">\n\t\t\t\t<\/div>\n\t\t<div class=\"elementor-element elementor-element-be266e2 e-con-full e-flex e-con e-child\" data-id=\"be266e2\" data-element_type=\"container\" data-e-type=\"container\">\n\t\t\t\t<\/div>\n\t\t\t\t\t<\/div>\n\t\t\t\t<\/div>\n\t\t\t\t<\/div>\n\t\t","protected":false},"excerpt":{"rendered":"<p>M\u00daSICO, EDUCADOR, REGENTE LOGIN especialista em cordas antigas e ensino moderno de viol\u00e3o, guitarra e contrabaixo. Formado em viol\u00e3o cl\u00e1ssico pela Universidade Cruzeiro do Sul, Anderson estudou ala\u00fade, guitarra barroca e arquiala\u00fade em Buenos Aires e Zaragoza, dedicando-se \u00e0 pesquisa &hellip; <\/p>\n","protected":false},"author":1,"featured_media":0,"parent":0,"menu_order":0,"comment_status":"closed","ping_status":"closed","template":"elementor_header_footer","meta":{"footnotes":""},"class_list":["post-15569","page","type-page","status-publish","hentry"],"jetpack_sharing_enabled":true,"_links":{"self":[{"href":"https:\/\/www.musicista.com.br\/anderson-de-lima\/wp-json\/wp\/v2\/pages\/15569","targetHints":{"allow":["GET"]}}],"collection":[{"href":"https:\/\/www.musicista.com.br\/anderson-de-lima\/wp-json\/wp\/v2\/pages"}],"about":[{"href":"https:\/\/www.musicista.com.br\/anderson-de-lima\/wp-json\/wp\/v2\/types\/page"}],"author":[{"embeddable":true,"href":"https:\/\/www.musicista.com.br\/anderson-de-lima\/wp-json\/wp\/v2\/users\/1"}],"replies":[{"embeddable":true,"href":"https:\/\/www.musicista.com.br\/anderson-de-lima\/wp-json\/wp\/v2\/comments?post=15569"}],"version-history":[{"count":43,"href":"https:\/\/www.musicista.com.br\/anderson-de-lima\/wp-json\/wp\/v2\/pages\/15569\/revisions"}],"predecessor-version":[{"id":18742,"href":"https:\/\/www.musicista.com.br\/anderson-de-lima\/wp-json\/wp\/v2\/pages\/15569\/revisions\/18742"}],"wp:attachment":[{"href":"https:\/\/www.musicista.com.br\/anderson-de-lima\/wp-json\/wp\/v2\/media?parent=15569"}],"curies":[{"name":"wp","href":"https:\/\/api.w.org\/{rel}","templated":true}]}}